{"id":205013,"date":"2019-12-23T10:08:02","date_gmt":"2019-12-23T09:08:02","guid":{"rendered":"http:\/\/jouebridge.com\/?page_id=205013"},"modified":"2021-09-13T10:48:12","modified_gmt":"2021-09-13T08:48:12","slug":"historique","status":"publish","type":"page","link":"https:\/\/jouebridge.com\/?page_id=205013","title":{"rendered":"Historique"},"content":{"rendered":"\n<h2 class=\"wp-block-heading\"><strong>40 ans le bel \u00e2ge \u2026<\/strong><\/h2>\n\n\n\n<p>En 1977 un groupe d\u2019amis se sentant \u00e0 l\u2019\u00e9troit au sein des AVF pour la\npratique de son sport favori se lance \u00e0 l\u2019eau et d\u00e9cide de cr\u00e9er un club\nrattach\u00e9 \u00e0 la F\u00e9d\u00e9ration Fran\u00e7aise de Bridge pour une pratique plus\nstructurante. Les autorit\u00e9s municipales \u00e9tant d\u2019accord pour octroyer des\ncr\u00e9neaux horaires dans la salle de l\u2019Alouette, les statuts d\u2019une association de\ntype loi 1901 sont r\u00e9dig\u00e9s et d\u00e9claration est faite en pr\u00e9fecture. Le <strong>Bridge-Club\nJou\u00e9-l\u00e8s-Tours<\/strong> nait donc le <strong>30 septembre 1977<\/strong>\n(journal officiel du jeudi 20 octobre 1977 \/ n\u00b0244 \/ 109<sup>\u00e8me<\/sup> ann\u00e9e \/\np. 6891).<\/p>\n\n\n\n<p>Le premier bureau \u00e9tait constitu\u00e9 de <strong>Michel Proteau<\/strong>\n(pr\u00e9sident), Claude Van Peteghem (vice-pr\u00e9sident), Constant Guirand\n(tr\u00e9sorier), Martine Cribellier (secr\u00e9taire), Alexandre Chimot (animateur), <strong>Jeanne\nRiccio<\/strong> &amp; Magdeleine Van Peteghem (membres).<\/p>\n\n\n\n<p>Michel Proteau \u00e9tant parti vers des cieux poitevins c\u2019est <strong>Magdeleine\nVan Peteghem<\/strong> qui lui succ\u00e8de pour un long mandat, \u00e9paul\u00e9e par Jean\nRichard qui a assur\u00e9 avec efficacit\u00e9 les diff\u00e9rents bonds technologiques\nauxquels le club a d\u00fb faire face (passage du topage \u00e0 la main aux premiers\nprogrammes de d\u00e9pouillement de tournoi sous DOS, avec disquettes souples de 3,5\npouces, puis disquettes \u2026.).&nbsp; <strong>Jean Richard<\/strong> fera un mandat\nde pr\u00e9sident avant de partir pour son Vichy natal et c\u2019est sa partenaire de jeu\n<strong>Solange Bonneau<\/strong> qui prend la rel\u00e8ve.<\/p>\n\n\n\n<p>Lui succ\u00e9dera <strong>Anne-Marie Henry<\/strong> qui s\u2019attachera \u00e0 la qualit\u00e9\nde l\u2019accueil et des activit\u00e9s extra-bridgesques du club. Malheureusement\nAnne-Marie d\u00e9c\u00e9dera subitement en plein mandat.<\/p>\n\n\n\n<p>La charge a \u00e9t\u00e9 reprise par <strong>Alain Beausergent<\/strong> qui a eu le plaisir de faire passer r\u00e9ellement le club dans le XXI\u00e8me si\u00e8cle avec l\u2019acquisition des bo\u00eetiers de score Bridgemate, puis de la machine \u00e0 dupliquer les donnes.<\/p>\n\n\n\n<p>C\u2019est \u00e9galement sous son mandat et sous l\u2019\u00e9gide de l\u2019\u00e9quipe municipale en place que le club quitte au mois de f\u00e9vrier 2017 les locaux historiques de la place de la Croix-Porchette (Salle de l\u2019Alouette) pour de nouveaux locaux d\u00e9di\u00e9s \u00e0 la Vall\u00e9e Violette (Espace L\u00e9o Lagrange).<\/p>\n\n\n\n<p>L\u2019am\u00e9lioration des conditions de jeu continue avec l\u2019apparition des \u00e9crans vid\u00e9o et l\u2019installation d\u2019une climatisation \u00e0 la fin de l\u2019\u00e9t\u00e9 2018.<\/p>\n\n\n\n<p>Depuis septembre 2019 c&rsquo;est <strong>Gilles Pinal<\/strong> qui a repris les r\u00eanes de notre belle institution jocondienne.<\/p>\n\n\n\n<p>Sous son \u00e9gide a \u00e9t\u00e9 mis en place un syst\u00e8me d&rsquo;inscription en ligne qui s&rsquo;est av\u00e9r\u00e9 essentiel lors de l&rsquo;apparition de la crise sanitaire. Coupl\u00e9 \u00e0 la mise en fabrication d&rsquo;\u00e9crans en plexiglas (18 tables \u00e9quip\u00e9es) le club a \u00e9t\u00e9 en mesure d&rsquo;ouvrir d\u00e8s le 1er d\u00e9confinement en respectant les protocoles \u00e9dict\u00e9s.<\/p>\n","protected":false},"excerpt":{"rendered":"<p>40 ans le bel \u00e2ge \u2026 En 1977 un groupe d\u2019amis se sentant \u00e0 l\u2019\u00e9troit au sein des AVF pour [&hellip;]<\/p>\n","protected":false},"author":10,"featured_media":0,"parent":0,"menu_order":0,"comment_status":"closed","ping_status":"closed","template":"","meta":{"_uag_custom_page_level_css":"","site-sidebar-layout":"default","site-content-layout":"","ast-site-content-layout":"","site-content-style":"default","site-sidebar-style":"default","ast-global-header-display":"","ast-banner-title-visibility":"","ast-main-header-display":"","ast-hfb-above-header-display":"","ast-hfb-below-header-display":"","ast-hfb-mobile-header-display":"","site-post-title":"","ast-breadcrumbs-content":"","ast-featured-img":"","footer-sml-layout":"","theme-transparent-header-meta":"","adv-header-id-meta":"","stick-header-meta":"","header-above-stick-meta":"","header-main-stick-meta":"","header-below-stick-meta":"","astra-migrate-meta-layouts":"default","ast-page-background-enabled":"default","ast-page-background-meta":{"desktop":{"background-color":"var(--ast-global-color-4)","background-image":"","background-repeat":"repeat","background-position":"center center","background-size":"auto","background-attachment":"scroll","background-type":"","background-media":"","overlay-type":"","overlay-color":"","overlay-opacity":"","overlay-gradient":""},"tablet":{"background-color":"","background-image":"","background-repeat":"repeat","background-position":"center center","background-size":"auto","background-attachment":"scroll","background-type":"","background-media":"","overlay-type":"","overlay-color":"","overlay-opacity":"","overlay-gradient":""},"mobile":{"background-color":"","background-image":"","background-repeat":"repeat","background-position":"center center","background-size":"auto","background-attachment":"scroll","background-type":"","background-media":"","overlay-type":"","overlay-color":"","overlay-opacity":"","overlay-gradient":""}},"ast-content-background-meta":{"desktop":{"background-color":"var(--ast-global-color-5)","background-image":"","background-repeat":"repeat","background-position":"center center","background-size":"auto","background-attachment":"scroll","background-type":"","background-media":"","overlay-type":"","overlay-color":"","overlay-opacity":"","overlay-gradient":""},"tablet":{"background-color":"var(--ast-global-color-5)","background-image":"","background-repeat":"repeat","background-position":"center center","background-size":"auto","background-attachment":"scroll","background-type":"","background-media":"","overlay-type":"","overlay-color":"","overlay-opacity":"","overlay-gradient":""},"mobile":{"background-color":"var(--ast-global-color-5)","background-image":"","background-repeat":"repeat","background-position":"center center","background-size":"auto","background-attachment":"scroll","background-type":"","background-media":"","overlay-type":"","overlay-color":"","overlay-opacity":"","overlay-gradient":""}},"footnotes":""},"class_list":["post-205013","page","type-page","status-publish","hentry"],"uagb_featured_image_src":{"full":false,"thumbnail":false,"medium":false,"medium_large":false,"large":false,"1536x1536":false,"2048x2048":false},"uagb_author_info":{"display_name":"MU Webmaster","author_link":"https:\/\/jouebridge.com\/?author=10"},"uagb_comment_info":0,"uagb_excerpt":"40 ans le bel \u00e2ge \u2026 En 1977 un groupe d\u2019amis se sentant \u00e0 l\u2019\u00e9troit au sein des AVF pour [&hellip;]","_links":{"self":[{"href":"https:\/\/jouebridge.com\/index.php?rest_route=\/wp\/v2\/pages\/205013","targetHints":{"allow":["GET"]}}],"collection":[{"href":"https:\/\/jouebridge.com\/index.php?rest_route=\/wp\/v2\/pages"}],"about":[{"href":"https:\/\/jouebridge.com\/index.php?rest_route=\/wp\/v2\/types\/page"}],"author":[{"embeddable":true,"href":"https:\/\/jouebridge.com\/index.php?rest_route=\/wp\/v2\/users\/10"}],"replies":[{"embeddable":true,"href":"https:\/\/jouebridge.com\/index.php?rest_route=%2Fwp%2Fv2%2Fcomments&post=205013"}],"version-history":[{"count":3,"href":"https:\/\/jouebridge.com\/index.php?rest_route=\/wp\/v2\/pages\/205013\/revisions"}],"predecessor-version":[{"id":205945,"href":"https:\/\/jouebridge.com\/index.php?rest_route=\/wp\/v2\/pages\/205013\/revisions\/205945"}],"wp:attachment":[{"href":"https:\/\/jouebridge.com\/index.php?rest_route=%2Fwp%2Fv2%2Fmedia&parent=205013"}],"curies":[{"name":"wp","href":"https:\/\/api.w.org\/{rel}","templated":true}]}}